{"id":1828,"date":"2020-09-30T10:21:28","date_gmt":"2020-09-30T08:21:28","guid":{"rendered":"https:\/\/verbalang.com\/cookie-policy\/"},"modified":"2025-04-17T11:49:17","modified_gmt":"2025-04-17T09:49:17","slug":"politique-des-temoins","status":"publish","type":"page","link":"https:\/\/www.verbalang.com\/fr\/politique-des-temoins\/","title":{"rendered":"Politique des t\u00e9moins"},"content":{"rendered":"<div class=\"wpb-content-wrapper\"><p>[vc_row full_width=\u00a0\u00bbstretch_row\u00a0\u00bb el_id=\u00a0\u00bbheader\u00a0\u00bb][vc_column][vc_custom_heading text=\u00a0\u00bbPolitique des t\u00e9moins\u00a0\u00bb font_container=\u00a0\u00bbtag:h1|text_align:left\u00a0\u00bb use_theme_fonts=\u00a0\u00bbyes\u00a0\u00bb css=\u00a0\u00bb\u00a0\u00bb][\/vc_column][\/vc_row][vc_row][vc_column][vc_column_text css=\u00a0\u00bb\u00a0\u00bb]<strong>Traitement des donn\u00e9es \u00e0 caract\u00e8re personnel li\u00e9es au profilage et par le biais de cookies<\/strong><br \/>\nUn cookie est un court texte envoy\u00e9 \u00e0 votre navigateur par un site web que vous visitez. Il permet au site de stocker des informations sur votre visite, telles que votre langue pr\u00e9f\u00e9r\u00e9e et d&rsquo;autres param\u00e8tres. Cela peut faciliter votre prochaine visite et augmenter l&rsquo;utilit\u00e9 du site en votre faveur. Les cookies jouent un r\u00f4le important. Sans eux, utiliser le Web serait une exp\u00e9rience beaucoup plus frustrante.<\/p>\n<p><strong>Les cookies techniques<\/strong><br \/>\nLes cookies techniques sont ceux qui sont utilis\u00e9s dans le seul but \u00abd\u2019effectuer la transmission d\u2019une information sur un r\u00e9seau de communications \u00e9lectroniques ou dans la mesure strictement n\u00e9cessaire au prestataire de services de la soci\u00e9t\u00e9 de l\u2019information express\u00e9ment demand\u00e9 par l\u2019abonn\u00e9 ou l\u2019utilisateur pour fournir ce service\u00bb. (voir Article 122, paragraphe 1, du Code de protection de la vie priv\u00e9e).<br \/>\nIls ne sont pas utilis\u00e9s \u00e0 d\u2019autres fins et sont normalement directement exploit\u00e9s par le propri\u00e9taire ou l\u2019exploitant du site. Ils peuvent \u00eatre divis\u00e9s en cookies de navigation ou de session, qui assurent une navigation et une utilisation normales du site internet (permettant, notamment, d\u2019effectuer un achat ou de s\u2019authentifier pour acc\u00e9der aux zones r\u00e9serv\u00e9es); tout cookie analytique, similaire aux cookies techniques utilis\u00e9s directement par le gestionnaire du site pour collecter, sous forme globale, des informations sur le nombre d\u2019utilisateurs et leurs visites sur le site; les cookies fonctionnels, permettant de naviguer selon une s\u00e9rie de crit\u00e8res s\u00e9lectionn\u00e9s (langue, produits s\u00e9lectionn\u00e9s pour achat) pour am\u00e9liorer le service offert sur ce dernier.<\/p>\n<p><strong>Les cookies techniques de tiers ne n\u00e9cessitant pas de consentement<\/strong><br \/>\nNous installerons sur votre appareil et, en particulier, dans votre navigateur ou permettrons aux tiers d\u2019installer certains cookies qui nous sont n\u00e9cessaires pour acqu\u00e9rir ou faire acqu\u00e9rir \u00e0 nos partenaires des donn\u00e9es statistiques anonymes et agr\u00e9g\u00e9es relatives \u00e0 votre navigation sur les pages du site. Il s&rsquo;agit notamment de cookies relatifs au service d&rsquo;analyse statistique suivant :\u00a0 <img loading=\"lazy\" decoding=\"async\" class=\"alignnone size-full wp-image-2778\" src=\"https:\/\/verbalang.com\/wp-content\/uploads\/2025\/04\/google_analytics_logo_privacy.png\" alt=\"\" width=\"27\" height=\"26\" \/>\u00a0<a href=\"http:\/\/www.google.co.uk\/intl\/en\/analytics\/privacyoverview.html\">Google Analytics<\/a>\u00a0(Pour d\u00e9sactiver le suivi Google Analytics sur tous les sites que vous visitez, suivez ce<a href=\"https:\/\/tools.google.com\/dlpage\/gaoptout\">lien<\/a>).<br \/>\nPour l&rsquo;utilisation de ces cookies et pour le traitement des donn\u00e9es personnelles qui y sont li\u00e9es, votre consentement n&rsquo;est pas requis, en vertu des dispositions de la l\u00e9gislation en vigueur sur la vie priv\u00e9e.<\/p>\n<p><strong>Cookies pour lesquels le consentement est requis<\/strong><br \/>\nSi, en outre, vous donnez votre consentement par l&rsquo;une des m\u00e9thodes simplifi\u00e9es d\u00e9crites dans la br\u00e8ve information qui vous a \u00e9t\u00e9 pr\u00e9sent\u00e9e lors de votre premier acc\u00e8s \u00e0 ce site, nous pouvons installer et\/ou laisser installer des cookies suppl\u00e9mentaires, appel\u00e9s cookies de profilage, qui sont destin\u00e9s \u00e0 nous aider et\/ou \u00e0 aider les soci\u00e9t\u00e9s tierces \u00e9num\u00e9r\u00e9es ci-dessous \u00e0 recueillir des informations sur vos int\u00e9r\u00eats et vos habitudes afin de vous proposer des communications commerciales, dans la mesure du possible, qui vous int\u00e9ressent ou, en tout \u00e9tat de cause, qui sont conformes \u00e0 vos int\u00e9r\u00eats.<\/p>\n<p><img loading=\"lazy\" decoding=\"async\" class=\"alignnone size-full wp-image-2781\" src=\"https:\/\/verbalang.com\/wp-content\/uploads\/2025\/04\/vimeo_logo_privacy.png\" alt=\"\" width=\"27\" height=\"26\" \/>\u00a0Cookies Vimeo : Nous utilisons des vid\u00e9os du site web de Vimeo. Lorsque vous cliquez sur le lecteur Vimeo, vous pouvez t\u00e9l\u00e9charger des cookies de Vimeo. <a href=\"https:\/\/vimeo.com\/privacy\">Politique de cookies de Vimeo<\/a>.<br \/>\n<img loading=\"lazy\" decoding=\"async\" class=\"alignnone size-full wp-image-2784\" src=\"https:\/\/verbalang.com\/wp-content\/uploads\/2025\/04\/youtube_logo_privacy.png\" alt=\"\" width=\"27\" height=\"26\" \/>\u00a0Cookies Youtube : Nous utilisons des vid\u00e9os du site Youtube, lorsque vous regardez une vid\u00e9o sur le lecteur Youtube, vous pouvez t\u00e9l\u00e9charger des cookies de Youtube.<br \/>\nPour le traitement des donn\u00e9es personnelles que, avec votre consentement, des soci\u00e9t\u00e9s tierces non connues des propri\u00e9taires du site pourraient mettre en \u0153uvre via des cookies, en vous connectant \u00e0 ce <a href=\"http:\/\/www.youronlinechoices.com\/it\/le-tue-scelte\">lien<\/a> et en utilisant le service associ\u00e9, vous pouvez personnaliser vos choix.<\/p>\n<p><strong>Aide \u00e0 la configuration de votre navigateur.<\/strong><\/p>\n<p>Si vous le souhaitez, vous pouvez \u00e9galement g\u00e9rer les cookies directement via les param\u00e8tres de votre navigateur. Toutefois, la suppression des cookies de votre navigateur peut supprimer les pr\u00e9f\u00e9rences que vous avez d\u00e9finies dans le pass\u00e9.<\/p>\n<p>Pour plus d&rsquo;informations et d\u2019assistance, vous pouvez \u00e9galement consulter la page d&rsquo;aide sp\u00e9cifique du navigateur web que vous utilisez :<\/p>\n<p><img loading=\"lazy\" decoding=\"async\" class=\"alignnone size-full wp-image-2787\" src=\"https:\/\/verbalang.com\/wp-content\/uploads\/2025\/04\/internet_explorer_logo_privacy.png\" alt=\"\" width=\"27\" height=\"26\" \/>\u00a0<a href=\"https:\/\/support.microsoft.com\/it-it\/help\/17442\/windows-internet-explorer-delete-manage-cookies\">Internet Explorer<\/a><br \/>\n<img loading=\"lazy\" decoding=\"async\" class=\"alignnone size-full wp-image-2790\" src=\"https:\/\/verbalang.com\/wp-content\/uploads\/2025\/04\/mozzilla_privacy.png\" alt=\"\" width=\"27\" height=\"26\" \/>\u00a0<a href=\"https:\/\/support.mozilla.org\/en-us\/kb\/enable-and-disable-cookies-website-preferences?redirectlocale=en-us&amp;redirectslug=enabling+and+disabling+cookies\">Firefox<\/a><br \/>\n<img loading=\"lazy\" decoding=\"async\" class=\"alignnone size-full wp-image-2793\" src=\"https:\/\/verbalang.com\/wp-content\/uploads\/2025\/04\/safari_logo_privacy.png\" alt=\"\" width=\"27\" height=\"26\" \/>\u00a0<a href=\"http:\/\/www.apple.com\/legal\/privacy\/it\/\">Safari<\/a><br \/>\n<img loading=\"lazy\" decoding=\"async\" class=\"alignnone size-full wp-image-2796\" src=\"https:\/\/verbalang.com\/wp-content\/uploads\/2025\/04\/google_logo_privacy.png\" alt=\"\" width=\"27\" height=\"26\" \/>\u00a0<a href=\"https:\/\/support.google.com\/accounts\/answer\/61416?hl=it\">Chrome<\/a><br \/>\n<img loading=\"lazy\" decoding=\"async\" class=\"alignnone size-full wp-image-2799\" src=\"https:\/\/verbalang.com\/wp-content\/uploads\/2025\/04\/opera_logo_privacy.png\" alt=\"\" width=\"27\" height=\"26\" \/>\u00a0<a href=\"http:\/\/www.opera.com\/help\/tutorials\/security\/cookies\/\">Opera<\/a><\/p>\n<p><strong>Types de donn\u00e9es trait\u00e9es<\/strong><br \/>\nEn ce qui concerne les donn\u00e9es de navigation, les syst\u00e8mes informatiques et les proc\u00e9dures logicielles utilis\u00e9s pour le fonctionnement de ce site acqui\u00e8rent, au cours de leur fonctionnement normal, certaines donn\u00e9es personnelles dont la transmission est implicite dans l&rsquo;utilisation des protocoles de communication Internet. Il s&rsquo;agit d&rsquo;informations qui ne sont pas collect\u00e9es pour \u00eatre associ\u00e9es aux personnes concern\u00e9es identifi\u00e9es, mais qui, de par leur nature m\u00eame, pourraient, gr\u00e2ce au traitement et \u00e0 l&rsquo;association avec des donn\u00e9es d\u00e9tenues par des tiers, permettre d&rsquo;identifier les utilisateurs. Cette cat\u00e9gorie de donn\u00e9es comprend les adresses IP ou les noms de domaine des ordinateurs utilis\u00e9s par les utilisateurs qui se connectent au site, les adresses URI (Uniform Resource Identifier) des ressources demand\u00e9es, l&rsquo;heure de la demande, la m\u00e9thode utilis\u00e9e pour soumettre la demande au serveur et d&rsquo;autres param\u00e8tres relatifs au syst\u00e8me d&rsquo;exploitation et \u00e0 l&rsquo;environnement informatique de l&rsquo;utilisateur.<\/p>\n<p>L&rsquo;envoi facultatif et volontaire de courriers \u00e9lectroniques aux adresses indiqu\u00e9es sur le site implique l&rsquo;acquisition de donn\u00e9es personnelles de l&rsquo;utilisateur \u00e9galement n\u00e9cessaires pour r\u00e9pondre \u00e0 ses demandes.[\/vc_column_text][\/vc_column][\/vc_row]<\/p>\n<\/div>","protected":false},"excerpt":{"rendered":"<p>[vc_row full_width=\u00a0\u00bbstretch_row\u00a0\u00bb el_id=\u00a0\u00bbheader\u00a0\u00bb][vc_column][vc_custom_heading text=\u00a0\u00bbPolitique des t\u00e9moins\u00a0\u00bb font_container=\u00a0\u00bbtag:h1|text_align:left\u00a0\u00bb use_theme_fonts=\u00a0\u00bbyes\u00a0\u00bb css=\u00a0\u00bb\u00a0\u00bb][\/vc_column][\/vc_row][vc_row][vc_column][vc_column_text css=\u00a0\u00bb\u00a0\u00bb]Traitement des donn\u00e9es \u00e0 caract\u00e8re personnel li\u00e9es au profilage et par le biais de cookies Un cookie est un court texte envoy\u00e9 \u00e0 votre navigateur par un site web que vous visitez. Il permet au site de stocker des informations sur&hellip;<\/p>\n","protected":false},"author":1,"featured_media":0,"parent":0,"menu_order":0,"comment_status":"closed","ping_status":"closed","template":"","meta":{"inline_featured_image":false,"footnotes":""},"class_list":["post-1828","page","type-page","status-publish","hentry"],"yoast_head":"<!-- This site is optimized with the Yoast SEO plugin v24.8.1 - https:\/\/yoast.com\/wordpress\/plugins\/seo\/ -->\n<title>Politique des t\u00e9moins - Verbalang<\/title>\n<meta name=\"robots\" content=\"index, follow, max-snippet:-1, max-image-preview:large, max-video-preview:-1\" \/>\n<link rel=\"canonical\" href=\"https:\/\/www.verbalang.com\/fr\/politique-des-temoins\/\" \/>\n<meta property=\"og:locale\" content=\"fr_FR\" \/>\n<meta property=\"og:type\" content=\"article\" \/>\n<meta property=\"og:title\" content=\"Politique des t\u00e9moins - Verbalang\" \/>\n<meta property=\"og:description\" content=\"[vc_row full_width=\u00a0\u00bbstretch_row\u00a0\u00bb el_id=\u00a0\u00bbheader\u00a0\u00bb][vc_column][vc_custom_heading text=\u00a0\u00bbPolitique des t\u00e9moins\u00a0\u00bb font_container=\u00a0\u00bbtag:h1|text_align:left\u00a0\u00bb use_theme_fonts=\u00a0\u00bbyes\u00a0\u00bb css=\u00a0\u00bb\u00a0\u00bb][\/vc_column][\/vc_row][vc_row][vc_column][vc_column_text css=\u00a0\u00bb\u00a0\u00bb]Traitement des donn\u00e9es \u00e0 caract\u00e8re personnel li\u00e9es au profilage et par le biais de cookies Un cookie est un court texte envoy\u00e9 \u00e0 votre navigateur par un site web que vous visitez. Il permet au site de stocker des informations sur&hellip;\" \/>\n<meta property=\"og:url\" content=\"https:\/\/www.verbalang.com\/fr\/politique-des-temoins\/\" \/>\n<meta property=\"og:site_name\" content=\"Verbalang\" \/>\n<meta property=\"article:modified_time\" content=\"2025-04-17T09:49:17+00:00\" \/>\n<meta property=\"og:image\" content=\"https:\/\/verbalang.com\/wp-content\/uploads\/2025\/04\/google_analytics_logo_privacy.png\" \/>\n<meta name=\"twitter:card\" content=\"summary_large_image\" \/>\n<meta name=\"twitter:label1\" content=\"Dur\u00e9e de lecture estim\u00e9e\" \/>\n\t<meta name=\"twitter:data1\" content=\"6 minutes\" \/>\n<script type=\"application\/ld+json\" class=\"yoast-schema-graph\">{\"@context\":\"https:\/\/schema.org\",\"@graph\":[{\"@type\":\"WebPage\",\"@id\":\"https:\/\/www.verbalang.com\/fr\/politique-des-temoins\/\",\"url\":\"https:\/\/www.verbalang.com\/fr\/politique-des-temoins\/\",\"name\":\"Politique des t\u00e9moins - Verbalang\",\"isPartOf\":{\"@id\":\"https:\/\/www.verbalang.com\/fr\/#website\"},\"primaryImageOfPage\":{\"@id\":\"https:\/\/www.verbalang.com\/fr\/politique-des-temoins\/#primaryimage\"},\"image\":{\"@id\":\"https:\/\/www.verbalang.com\/fr\/politique-des-temoins\/#primaryimage\"},\"thumbnailUrl\":\"https:\/\/verbalang.com\/wp-content\/uploads\/2025\/04\/google_analytics_logo_privacy.png\",\"datePublished\":\"2020-09-30T08:21:28+00:00\",\"dateModified\":\"2025-04-17T09:49:17+00:00\",\"breadcrumb\":{\"@id\":\"https:\/\/www.verbalang.com\/fr\/politique-des-temoins\/#breadcrumb\"},\"inLanguage\":\"fr-FR\",\"potentialAction\":[{\"@type\":\"ReadAction\",\"target\":[\"https:\/\/www.verbalang.com\/fr\/politique-des-temoins\/\"]}]},{\"@type\":\"ImageObject\",\"inLanguage\":\"fr-FR\",\"@id\":\"https:\/\/www.verbalang.com\/fr\/politique-des-temoins\/#primaryimage\",\"url\":\"https:\/\/verbalang.com\/wp-content\/uploads\/2025\/04\/google_analytics_logo_privacy.png\",\"contentUrl\":\"https:\/\/verbalang.com\/wp-content\/uploads\/2025\/04\/google_analytics_logo_privacy.png\"},{\"@type\":\"BreadcrumbList\",\"@id\":\"https:\/\/www.verbalang.com\/fr\/politique-des-temoins\/#breadcrumb\",\"itemListElement\":[{\"@type\":\"ListItem\",\"position\":1,\"name\":\"Accueil\",\"item\":\"https:\/\/www.verbalang.com\/fr\/\"},{\"@type\":\"ListItem\",\"position\":2,\"name\":\"Politique des t\u00e9moins\"}]},{\"@type\":\"WebSite\",\"@id\":\"https:\/\/www.verbalang.com\/fr\/#website\",\"url\":\"https:\/\/www.verbalang.com\/fr\/\",\"name\":\"Verbalang\",\"description\":\"\",\"publisher\":{\"@id\":\"https:\/\/www.verbalang.com\/fr\/#organization\"},\"potentialAction\":[{\"@type\":\"SearchAction\",\"target\":{\"@type\":\"EntryPoint\",\"urlTemplate\":\"https:\/\/www.verbalang.com\/fr\/?s={search_term_string}\"},\"query-input\":{\"@type\":\"PropertyValueSpecification\",\"valueRequired\":true,\"valueName\":\"search_term_string\"}}],\"inLanguage\":\"fr-FR\"},{\"@type\":\"Organization\",\"@id\":\"https:\/\/www.verbalang.com\/fr\/#organization\",\"name\":\"Verbalang\",\"url\":\"https:\/\/www.verbalang.com\/fr\/\",\"logo\":{\"@type\":\"ImageObject\",\"inLanguage\":\"fr-FR\",\"@id\":\"https:\/\/www.verbalang.com\/fr\/#\/schema\/logo\/image\/\",\"url\":\"https:\/\/www.verbalang.com\/wp-content\/uploads\/2025\/01\/logo_325x86.webp\",\"contentUrl\":\"https:\/\/www.verbalang.com\/wp-content\/uploads\/2025\/01\/logo_325x86.webp\",\"width\":325,\"height\":86,\"caption\":\"Verbalang\"},\"image\":{\"@id\":\"https:\/\/www.verbalang.com\/fr\/#\/schema\/logo\/image\/\"}}]}<\/script>\n<!-- \/ Yoast SEO plugin. -->","yoast_head_json":{"title":"Politique des t\u00e9moins - Verbalang","robots":{"index":"index","follow":"follow","max-snippet":"max-snippet:-1","max-image-preview":"max-image-preview:large","max-video-preview":"max-video-preview:-1"},"canonical":"https:\/\/www.verbalang.com\/fr\/politique-des-temoins\/","og_locale":"fr_FR","og_type":"article","og_title":"Politique des t\u00e9moins - Verbalang","og_description":"[vc_row full_width=\u00a0\u00bbstretch_row\u00a0\u00bb el_id=\u00a0\u00bbheader\u00a0\u00bb][vc_column][vc_custom_heading text=\u00a0\u00bbPolitique des t\u00e9moins\u00a0\u00bb font_container=\u00a0\u00bbtag:h1|text_align:left\u00a0\u00bb use_theme_fonts=\u00a0\u00bbyes\u00a0\u00bb css=\u00a0\u00bb\u00a0\u00bb][\/vc_column][\/vc_row][vc_row][vc_column][vc_column_text css=\u00a0\u00bb\u00a0\u00bb]Traitement des donn\u00e9es \u00e0 caract\u00e8re personnel li\u00e9es au profilage et par le biais de cookies Un cookie est un court texte envoy\u00e9 \u00e0 votre navigateur par un site web que vous visitez. Il permet au site de stocker des informations sur&hellip;","og_url":"https:\/\/www.verbalang.com\/fr\/politique-des-temoins\/","og_site_name":"Verbalang","article_modified_time":"2025-04-17T09:49:17+00:00","og_image":[{"url":"https:\/\/verbalang.com\/wp-content\/uploads\/2025\/04\/google_analytics_logo_privacy.png","type":"","width":"","height":""}],"twitter_card":"summary_large_image","twitter_misc":{"Dur\u00e9e de lecture estim\u00e9e":"6 minutes"},"schema":{"@context":"https:\/\/schema.org","@graph":[{"@type":"WebPage","@id":"https:\/\/www.verbalang.com\/fr\/politique-des-temoins\/","url":"https:\/\/www.verbalang.com\/fr\/politique-des-temoins\/","name":"Politique des t\u00e9moins - Verbalang","isPartOf":{"@id":"https:\/\/www.verbalang.com\/fr\/#website"},"primaryImageOfPage":{"@id":"https:\/\/www.verbalang.com\/fr\/politique-des-temoins\/#primaryimage"},"image":{"@id":"https:\/\/www.verbalang.com\/fr\/politique-des-temoins\/#primaryimage"},"thumbnailUrl":"https:\/\/verbalang.com\/wp-content\/uploads\/2025\/04\/google_analytics_logo_privacy.png","datePublished":"2020-09-30T08:21:28+00:00","dateModified":"2025-04-17T09:49:17+00:00","breadcrumb":{"@id":"https:\/\/www.verbalang.com\/fr\/politique-des-temoins\/#breadcrumb"},"inLanguage":"fr-FR","potentialAction":[{"@type":"ReadAction","target":["https:\/\/www.verbalang.com\/fr\/politique-des-temoins\/"]}]},{"@type":"ImageObject","inLanguage":"fr-FR","@id":"https:\/\/www.verbalang.com\/fr\/politique-des-temoins\/#primaryimage","url":"https:\/\/verbalang.com\/wp-content\/uploads\/2025\/04\/google_analytics_logo_privacy.png","contentUrl":"https:\/\/verbalang.com\/wp-content\/uploads\/2025\/04\/google_analytics_logo_privacy.png"},{"@type":"BreadcrumbList","@id":"https:\/\/www.verbalang.com\/fr\/politique-des-temoins\/#breadcrumb","itemListElement":[{"@type":"ListItem","position":1,"name":"Accueil","item":"https:\/\/www.verbalang.com\/fr\/"},{"@type":"ListItem","position":2,"name":"Politique des t\u00e9moins"}]},{"@type":"WebSite","@id":"https:\/\/www.verbalang.com\/fr\/#website","url":"https:\/\/www.verbalang.com\/fr\/","name":"Verbalang","description":"","publisher":{"@id":"https:\/\/www.verbalang.com\/fr\/#organization"},"potentialAction":[{"@type":"SearchAction","target":{"@type":"EntryPoint","urlTemplate":"https:\/\/www.verbalang.com\/fr\/?s={search_term_string}"},"query-input":{"@type":"PropertyValueSpecification","valueRequired":true,"valueName":"search_term_string"}}],"inLanguage":"fr-FR"},{"@type":"Organization","@id":"https:\/\/www.verbalang.com\/fr\/#organization","name":"Verbalang","url":"https:\/\/www.verbalang.com\/fr\/","logo":{"@type":"ImageObject","inLanguage":"fr-FR","@id":"https:\/\/www.verbalang.com\/fr\/#\/schema\/logo\/image\/","url":"https:\/\/www.verbalang.com\/wp-content\/uploads\/2025\/01\/logo_325x86.webp","contentUrl":"https:\/\/www.verbalang.com\/wp-content\/uploads\/2025\/01\/logo_325x86.webp","width":325,"height":86,"caption":"Verbalang"},"image":{"@id":"https:\/\/www.verbalang.com\/fr\/#\/schema\/logo\/image\/"}}]}},"_links":{"self":[{"href":"https:\/\/www.verbalang.com\/fr\/wp-json\/wp\/v2\/pages\/1828","targetHints":{"allow":["GET"]}}],"collection":[{"href":"https:\/\/www.verbalang.com\/fr\/wp-json\/wp\/v2\/pages"}],"about":[{"href":"https:\/\/www.verbalang.com\/fr\/wp-json\/wp\/v2\/types\/page"}],"author":[{"embeddable":true,"href":"https:\/\/www.verbalang.com\/fr\/wp-json\/wp\/v2\/users\/1"}],"replies":[{"embeddable":true,"href":"https:\/\/www.verbalang.com\/fr\/wp-json\/wp\/v2\/comments?post=1828"}],"version-history":[{"count":7,"href":"https:\/\/www.verbalang.com\/fr\/wp-json\/wp\/v2\/pages\/1828\/revisions"}],"predecessor-version":[{"id":2805,"href":"https:\/\/www.verbalang.com\/fr\/wp-json\/wp\/v2\/pages\/1828\/revisions\/2805"}],"wp:attachment":[{"href":"https:\/\/www.verbalang.com\/fr\/wp-json\/wp\/v2\/media?parent=1828"}],"curies":[{"name":"wp","href":"https:\/\/api.w.org\/{rel}","templated":true}]}}