{"id":1840,"date":"2017-08-11T14:17:23","date_gmt":"2017-08-11T14:17:23","guid":{"rendered":"https:\/\/verbalang.com\/order-translation\/"},"modified":"2020-10-12T09:45:06","modified_gmt":"2020-10-12T07:45:06","slug":"demander-un-devis","status":"publish","type":"page","link":"https:\/\/www.verbalang.com\/fr\/demander-un-devis\/","title":{"rendered":"Demander un devis"},"content":{"rendered":"<div class=\"wpb-content-wrapper\"><p>[vc_row][vc_column]<div id=\"sc_title_1417298760\"\n\t\tclass=\"sc_title color_style_default sc_title_default\"><h1 class=\"sc_item_title sc_title_title sc_align_center sc_item_title_style_default sc_item_title_tag\">Informations<\/h1><\/div><!-- \/.sc_title -->[vc_empty_space height=\u00a0\u00bb1em\u00a0\u00bb alter_height=\u00a0\u00bbnone\u00a0\u00bb hide_on_desktop=\u00a0\u00bb\u00a0\u00bb hide_on_notebook=\u00a0\u00bb\u00a0\u00bb hide_on_tablet=\u00a0\u00bb\u00a0\u00bb hide_on_mobile=\u00a0\u00bb\u00a0\u00bb][vc_empty_space height=\u00a0\u00bb1.5em\u00a0\u00bb alter_height=\u00a0\u00bbnone\u00a0\u00bb hide_on_desktop=\u00a0\u00bb\u00a0\u00bb hide_on_notebook=\u00a0\u00bb\u00a0\u00bb hide_on_tablet=\u00a0\u00bb\u00a0\u00bb hide_on_mobile=\u00a0\u00bb1&Prime;]\n<div class=\"wpcf7 no-js\" id=\"wpcf7-f2022-o1\" lang=\"en-US\" dir=\"ltr\" data-wpcf7-id=\"2022\">\n<div class=\"screen-reader-response\"><p role=\"status\" aria-live=\"polite\" aria-atomic=\"true\"><\/p> <ul><\/ul><\/div>\n<form action=\"\/fr\/wp-json\/wp\/v2\/pages\/1840#wpcf7-f2022-o1\" method=\"post\" class=\"wpcf7-form init wpcf7-acceptance-as-validation\" aria-label=\"Contact form\" enctype=\"multipart\/form-data\" novalidate=\"novalidate\" data-status=\"init\">\n<div style=\"display: none;\">\n<input type=\"hidden\" name=\"_wpcf7\" value=\"2022\" \/>\n<input type=\"hidden\" name=\"_wpcf7_version\" value=\"6.0.5\" \/>\n<input type=\"hidden\" name=\"_wpcf7_locale\" value=\"en_US\" \/>\n<input type=\"hidden\" name=\"_wpcf7_unit_tag\" value=\"wpcf7-f2022-o1\" \/>\n<input type=\"hidden\" name=\"_wpcf7_container_post\" value=\"0\" \/>\n<input type=\"hidden\" name=\"_wpcf7_posted_data_hash\" value=\"\" \/>\n<input type=\"hidden\" name=\"_wpcf7_recaptcha_response\" value=\"\" \/>\n<\/div>\n<div class=\"columns_wrap\">\n\t<div class=\"column-1_1\">\n\t\t<h5>Ins\u00e9rer les conditions requises du projet\n\t\t<\/h5>\n\t<\/div>\n<\/div>\n<div class=\"columns_wrap\">\n\t<div class=\"column-1_1\">\n\t\t<p><span class=\"wpcf7-form-control-wrap\" data-name=\"termini_scadenza\"><select class=\"wpcf7-form-control wpcf7-select wpcf7-validates-as-required\" aria-required=\"true\" aria-invalid=\"false\" name=\"termini_scadenza\"><option value=\"\">Choisissez une option<\/option><option value=\"D\u00e9lai ordinaire: (2-5 jours ouvrables)\">D\u00e9lai ordinaire: (2-5 jours ouvrables)<\/option><option value=\"D\u00e9lai express: (24 heures)\">D\u00e9lai express: (24 heures)<\/option><option value=\"D\u00e9lai urgent: (2-12 heures)\">D\u00e9lai urgent: (2-12 heures)<\/option><\/select><\/span>\n\t\t<\/p>\n\t<\/div>\n<\/div>\n<div class=\"columns_wrap\">\n\t<div class=\"column-1_1\">\n\t\t<h5>Quel type de documents souhaitez-vous faire traduire?\n\t\t<\/h5>\n\t<\/div>\n<\/div>\n<div class=\"columns_wrap\">\n\t<div class=\"column-1_1\">\n\t\t<p><span class=\"wpcf7-form-control-wrap\" data-name=\"tipo_doc\"><select class=\"wpcf7-form-control wpcf7-select wpcf7-validates-as-required\" aria-required=\"true\" aria-invalid=\"false\" name=\"tipo_doc\"><option value=\"\">Choisissez une option<\/option><option value=\"Documents juridiques\">Documents juridiques<\/option><option value=\"Documents financiers\">Documents financiers<\/option><option value=\"Documents techniques\">Documents techniques<\/option><option value=\"Documents d&#039;entreprise\">Documents d&#039;entreprise<\/option><\/select><\/span>\n\t\t<\/p>\n\t<\/div>\n<\/div>\n<div class=\"columns_wrap\">\n\t<div class=\"column-1_1\">\n\t\t<h5>T\u00e9l\u00e9chargez votre fichier\n\t\t<\/h5>\n\t<\/div>\n<\/div>\n<div class=\"columns_wrap\">\n\t<div class=\"column-1_1\">\n\t\t<p><span class=\"wpcf7-form-control-wrap\" data-name=\"file\"><span class=\"fileform\"><span class=\"selectbutton\">Select File<\/span><span id=\"fileformlabel\">Upload File<\/span><input size=\"40\" class=\"wpcf7-form-control wpcf7-file wpcf7-validates-as-required\" accept=\"audio\/*,video\/*,image\/*\" aria-required=\"true\" aria-invalid=\"false\" type=\"file\" name=\"file\" \/><\/span><\/span>\n\t\t<\/p>\n\t<\/div>\n<\/div>\n<div class=\"columns_wrap\">\n\t<div class=\"column-1_1\">\n\t\t<h5>S\u00e9lectionnez un macro-domaine qui d\u00e9finit ce type de travail\n\t\t<\/h5>\n\t<\/div>\n<\/div>\n<div class=\"columns_wrap\">\n\t<div class=\"column-1_1\">\n\t\t<p><span class=\"wpcf7-form-control-wrap\" data-name=\"tipo_lavoro\"><select class=\"wpcf7-form-control wpcf7-select wpcf7-validates-as-required\" aria-required=\"true\" aria-invalid=\"false\" name=\"tipo_lavoro\"><option value=\"\">Choisissez une option<\/option><option value=\"Marketing\">Marketing<\/option><option value=\"Sant\u00e9\">Sant\u00e9<\/option><option value=\"Ing\u00e9nierie\">Ing\u00e9nierie<\/option><option value=\"Institutionnel\">Institutionnel<\/option><\/select><\/span><span><br \/>\nCela nous aidera \u00e0 filtrer les linguistes disponibles pour travailler.<\/span>\n\t\t<\/p>\n\t<\/div>\n<\/div>\n<div class=\"columns_wrap\">\n\t<div class=\"column-1_2\">\n\t\t<h5>Langue maternelle\n\t\t<\/h5>\n\t\t<p><span class=\"wpcf7-form-control-wrap\" data-name=\"lingua_madre\"><select class=\"wpcf7-form-control wpcf7-select\" aria-invalid=\"false\" name=\"lingua_madre\"><option value=\"Langue maternelle *\">Langue maternelle *<\/option><option value=\"Anglais\">Anglais<\/option><option value=\"Fran\u00e7ais\">Fran\u00e7ais<\/option><option value=\"Allemand\">Allemand<\/option><option value=\"Arabe\">Arabe<\/option><option value=\"Espagnol\">Espagnol<\/option><option value=\"Russe\">Russe<\/option><option value=\"Chinois\">Chinois<\/option><\/select><\/span>\n\t\t<\/p>\n\t<\/div>\n\t<div class=\"column-1_2\">\n\t\t<h5>Traduction\n\t\t<\/h5>\n\t\t<p><span class=\"wpcf7-form-control-wrap\" data-name=\"traduzione\"><select class=\"wpcf7-form-control wpcf7-select wpcf7-validates-as-required\" aria-required=\"true\" aria-invalid=\"false\" name=\"traduzione\"><option value=\"\">Choisissez une option<\/option><option value=\"Traduction *\">Traduction *<\/option><option value=\"Anglais\">Anglais<\/option><option value=\"Fran\u00e7ais\">Fran\u00e7ais<\/option><option value=\"Allemand\">Allemand<\/option><option value=\"Arabe\">Arabe<\/option><option value=\"Espagnol\">Espagnol<\/option><option value=\"Russe\">Russe<\/option><option value=\"Chinois\">Chinois<\/option><\/select><\/span>\n\t\t<\/p>\n\t<\/div>\n<\/div>\n<div class=\"columns_wrap\">\n\t<div class=\"column-1_1\">\n\t\t<h5>Ins\u00e9rez les donn\u00e9es tuoi pour proc\u00e9der \u00e0 la demande\n\t\t<\/h5>\n\t<\/div>\n<\/div>\n<div class=\"columns_wrap\">\n\t<div class=\"column-1_2\">\n\t\t<p><span class=\"wpcf7-form-control-wrap\" data-name=\"nome\"><input size=\"40\" maxlength=\"400\" class=\"wpcf7-form-control wpcf7-text wpcf7-validates-as-required\" aria-required=\"true\" aria-invalid=\"false\" placeholder=\"Pr\u00e9nom *\" value=\"\" type=\"text\" name=\"nome\" \/><\/span>\n\t\t<\/p>\n\t<\/div>\n\t<div class=\"column-1_2\">\n\t\t<p><span class=\"wpcf7-form-control-wrap\" data-name=\"cognome\"><input size=\"40\" maxlength=\"400\" class=\"wpcf7-form-control wpcf7-text wpcf7-validates-as-required\" aria-required=\"true\" aria-invalid=\"false\" placeholder=\"Nom *\" value=\"\" type=\"text\" name=\"cognome\" \/><\/span>\n\t\t<\/p>\n\t<\/div>\n<\/div>\n<div class=\"columns_wrap\">\n\t<div class=\"column-1_1\">\n\t\t<p><span class=\"wpcf7-form-control-wrap\" data-name=\"azienda\"><input size=\"40\" maxlength=\"400\" class=\"wpcf7-form-control wpcf7-text wpcf7-validates-as-required\" aria-required=\"true\" aria-invalid=\"false\" placeholder=\"Entreprise\" value=\"\" type=\"text\" name=\"azienda\" \/><\/span>\n\t\t<\/p>\n\t<\/div>\n<\/div>\n<div class=\"columns_wrap\">\n\t<div class=\"column-1_2\">\n\t\t<p><span class=\"wpcf7-form-control-wrap\" data-name=\"telefono\"><input size=\"40\" maxlength=\"400\" class=\"wpcf7-form-control wpcf7-tel wpcf7-validates-as-required wpcf7-text wpcf7-validates-as-tel\" aria-required=\"true\" aria-invalid=\"false\" placeholder=\"T\u00e9l\u00e9phone\" value=\"\" type=\"tel\" name=\"telefono\" \/><\/span>\n\t\t<\/p>\n\t<\/div>\n\t<div class=\"column-1_2\">\n\t\t<p><span class=\"wpcf7-form-control-wrap\" data-name=\"email\"><input size=\"40\" maxlength=\"400\" class=\"wpcf7-form-control wpcf7-email wpcf7-validates-as-required wpcf7-text wpcf7-validates-as-email\" aria-required=\"true\" aria-invalid=\"false\" placeholder=\"Adresse \u00e9lectronique *\" value=\"\" type=\"email\" name=\"email\" \/><\/span>\n\t\t<\/p>\n\t<\/div>\n<\/div>\n<div class=\"columns_wrap\">\n\t<div class=\"column-1_1\">\n\t\t<h5>Comment souhaitez-vous \u00eatre contact\u00e9 ?\n\t\t<\/h5>\n\t<\/div>\n<\/div>\n<div class=\"columns_wrap\">\n\t<div class=\"column-1_1 extra\">\n\t\t<p><span class=\"wpcf7-form-control-wrap\" data-name=\"chk_contatto\"><span class=\"wpcf7-form-control wpcf7-radio\"><span class=\"wpcf7-list-item first\"><label><input type=\"radio\" name=\"chk_contatto\" value=\"Rappelez-moi\" checked=\"checked\" \/><span class=\"wpcf7-list-item-label\">Rappelez-moi<\/span><\/label><\/span><span class=\"wpcf7-list-item last\"><label><input type=\"radio\" name=\"chk_contatto\" value=\"Non, contactez-moi par adresse \u00e9lectronique\" \/><span class=\"wpcf7-list-item-label\">Non, contactez-moi par adresse \u00e9lectronique<\/span><\/label><\/span><\/span><\/span>\n\t\t<\/p>\n\t<\/div>\n<\/div>\n<div class=\"columns_wrap\">\n\t<div class=\"column-1_1\">\n\t\t<p><span class=\"wpcf7-form-control-wrap\" data-name=\"check-privacy\"><span class=\"wpcf7-form-control wpcf7-acceptance\"><span class=\"wpcf7-list-item\"><input type=\"checkbox\" name=\"check-privacy\" value=\"1\" aria-invalid=\"false\" \/><\/span><\/span><\/span>Je d\u00e9clare avoir lu <a href=\"\/fr\/politique-de-confidentialite\/\" style=\"color:#727272\" target=\"_blank\"><strong> la politique de confidentialit\u00e9<\/strong><\/a> conform\u00e9ment \u00e0 la r\u00e9glementation en vigueur.\n\t\t<\/p>\n\t<\/div>\n<\/div>\n<div class=\"columns_wrap\">\n\t<div class=\"column-1_1 center\">\n\t\t<p><input class=\"wpcf7-form-control wpcf7-submit has-spinner\" type=\"submit\" value=\"Demandez un devis\" \/>\n\t\t<\/p>\n\t<\/div>\n<\/div><div class=\"wpcf7-response-output\" aria-hidden=\"true\"><\/div>\n<\/form>\n<\/div>\n[\/vc_column][\/vc_row]<\/p>\n<\/div>","protected":false},"excerpt":{"rendered":"<p>[vc_row][vc_column][vc_empty_space height=\u00a0\u00bb1em\u00a0\u00bb alter_height=\u00a0\u00bbnone\u00a0\u00bb hide_on_desktop=\u00a0\u00bb\u00a0\u00bb hide_on_notebook=\u00a0\u00bb\u00a0\u00bb hide_on_tablet=\u00a0\u00bb\u00a0\u00bb hide_on_mobile=\u00a0\u00bb\u00a0\u00bb][vc_empty_space height=\u00a0\u00bb1.5em\u00a0\u00bb alter_height=\u00a0\u00bbnone\u00a0\u00bb hide_on_desktop=\u00a0\u00bb\u00a0\u00bb hide_on_notebook=\u00a0\u00bb\u00a0\u00bb hide_on_tablet=\u00a0\u00bb\u00a0\u00bb hide_on_mobile=\u00a0\u00bb1&Prime;][\/vc_column][\/vc_row]<\/p>\n","protected":false},"author":1,"featured_media":0,"parent":0,"menu_order":0,"comment_status":"closed","ping_status":"closed","template":"","meta":{"inline_featured_image":false,"footnotes":""},"class_list":["post-1840","page","type-page","status-publish","hentry"],"yoast_head":"<!-- This site is optimized with the Yoast SEO plugin v24.8.1 - https:\/\/yoast.com\/wordpress\/plugins\/seo\/ -->\n<title>Demander un devis gratuit | Verbalang, services linguistiques<\/title>\n<meta name=\"description\" content=\"Remplissez le formulaire pour demander un devis gratuit et personnalis\u00e9. Verbalang, des services linguistiques professionnels en quelques clics.\" \/>\n<meta name=\"robots\" content=\"index, follow, max-snippet:-1, max-image-preview:large, max-video-preview:-1\" \/>\n<link rel=\"canonical\" href=\"https:\/\/www.verbalang.com\/fr\/demander-un-devis\/\" \/>\n<meta property=\"og:locale\" content=\"fr_FR\" \/>\n<meta property=\"og:type\" content=\"article\" \/>\n<meta property=\"og:title\" content=\"Demander un devis gratuit | Verbalang, services linguistiques\" \/>\n<meta property=\"og:description\" content=\"Remplissez le formulaire pour demander un devis gratuit et personnalis\u00e9. Verbalang, des services linguistiques professionnels en quelques clics.\" \/>\n<meta property=\"og:url\" content=\"https:\/\/www.verbalang.com\/fr\/demander-un-devis\/\" \/>\n<meta property=\"og:site_name\" content=\"Verbalang\" \/>\n<meta property=\"article:modified_time\" content=\"2020-10-12T07:45:06+00:00\" \/>\n<meta name=\"twitter:card\" content=\"summary_large_image\" \/>\n<script type=\"application\/ld+json\" class=\"yoast-schema-graph\">{\"@context\":\"https:\/\/schema.org\",\"@graph\":[{\"@type\":\"WebPage\",\"@id\":\"https:\/\/www.verbalang.com\/fr\/demander-un-devis\/\",\"url\":\"https:\/\/www.verbalang.com\/fr\/demander-un-devis\/\",\"name\":\"Demander un devis gratuit | Verbalang, services linguistiques\",\"isPartOf\":{\"@id\":\"https:\/\/www.verbalang.com\/fr\/#website\"},\"datePublished\":\"2017-08-11T14:17:23+00:00\",\"dateModified\":\"2020-10-12T07:45:06+00:00\",\"description\":\"Remplissez le formulaire pour demander un devis gratuit et personnalis\u00e9. Verbalang, des services linguistiques professionnels en quelques clics.\",\"breadcrumb\":{\"@id\":\"https:\/\/www.verbalang.com\/fr\/demander-un-devis\/#breadcrumb\"},\"inLanguage\":\"fr-FR\",\"potentialAction\":[{\"@type\":\"ReadAction\",\"target\":[\"https:\/\/www.verbalang.com\/fr\/demander-un-devis\/\"]}]},{\"@type\":\"BreadcrumbList\",\"@id\":\"https:\/\/www.verbalang.com\/fr\/demander-un-devis\/#breadcrumb\",\"itemListElement\":[{\"@type\":\"ListItem\",\"position\":1,\"name\":\"Accueil\",\"item\":\"https:\/\/www.verbalang.com\/fr\/\"},{\"@type\":\"ListItem\",\"position\":2,\"name\":\"Demander un devis\"}]},{\"@type\":\"WebSite\",\"@id\":\"https:\/\/www.verbalang.com\/fr\/#website\",\"url\":\"https:\/\/www.verbalang.com\/fr\/\",\"name\":\"Verbalang\",\"description\":\"\",\"publisher\":{\"@id\":\"https:\/\/www.verbalang.com\/fr\/#organization\"},\"potentialAction\":[{\"@type\":\"SearchAction\",\"target\":{\"@type\":\"EntryPoint\",\"urlTemplate\":\"https:\/\/www.verbalang.com\/fr\/?s={search_term_string}\"},\"query-input\":{\"@type\":\"PropertyValueSpecification\",\"valueRequired\":true,\"valueName\":\"search_term_string\"}}],\"inLanguage\":\"fr-FR\"},{\"@type\":\"Organization\",\"@id\":\"https:\/\/www.verbalang.com\/fr\/#organization\",\"name\":\"Verbalang\",\"url\":\"https:\/\/www.verbalang.com\/fr\/\",\"logo\":{\"@type\":\"ImageObject\",\"inLanguage\":\"fr-FR\",\"@id\":\"https:\/\/www.verbalang.com\/fr\/#\/schema\/logo\/image\/\",\"url\":\"https:\/\/www.verbalang.com\/wp-content\/uploads\/2025\/01\/logo_325x86.webp\",\"contentUrl\":\"https:\/\/www.verbalang.com\/wp-content\/uploads\/2025\/01\/logo_325x86.webp\",\"width\":325,\"height\":86,\"caption\":\"Verbalang\"},\"image\":{\"@id\":\"https:\/\/www.verbalang.com\/fr\/#\/schema\/logo\/image\/\"}}]}<\/script>\n<!-- \/ Yoast SEO plugin. -->","yoast_head_json":{"title":"Demander un devis gratuit | Verbalang, services linguistiques","description":"Remplissez le formulaire pour demander un devis gratuit et personnalis\u00e9. Verbalang, des services linguistiques professionnels en quelques clics.","robots":{"index":"index","follow":"follow","max-snippet":"max-snippet:-1","max-image-preview":"max-image-preview:large","max-video-preview":"max-video-preview:-1"},"canonical":"https:\/\/www.verbalang.com\/fr\/demander-un-devis\/","og_locale":"fr_FR","og_type":"article","og_title":"Demander un devis gratuit | Verbalang, services linguistiques","og_description":"Remplissez le formulaire pour demander un devis gratuit et personnalis\u00e9. Verbalang, des services linguistiques professionnels en quelques clics.","og_url":"https:\/\/www.verbalang.com\/fr\/demander-un-devis\/","og_site_name":"Verbalang","article_modified_time":"2020-10-12T07:45:06+00:00","twitter_card":"summary_large_image","schema":{"@context":"https:\/\/schema.org","@graph":[{"@type":"WebPage","@id":"https:\/\/www.verbalang.com\/fr\/demander-un-devis\/","url":"https:\/\/www.verbalang.com\/fr\/demander-un-devis\/","name":"Demander un devis gratuit | Verbalang, services linguistiques","isPartOf":{"@id":"https:\/\/www.verbalang.com\/fr\/#website"},"datePublished":"2017-08-11T14:17:23+00:00","dateModified":"2020-10-12T07:45:06+00:00","description":"Remplissez le formulaire pour demander un devis gratuit et personnalis\u00e9. Verbalang, des services linguistiques professionnels en quelques clics.","breadcrumb":{"@id":"https:\/\/www.verbalang.com\/fr\/demander-un-devis\/#breadcrumb"},"inLanguage":"fr-FR","potentialAction":[{"@type":"ReadAction","target":["https:\/\/www.verbalang.com\/fr\/demander-un-devis\/"]}]},{"@type":"BreadcrumbList","@id":"https:\/\/www.verbalang.com\/fr\/demander-un-devis\/#breadcrumb","itemListElement":[{"@type":"ListItem","position":1,"name":"Accueil","item":"https:\/\/www.verbalang.com\/fr\/"},{"@type":"ListItem","position":2,"name":"Demander un devis"}]},{"@type":"WebSite","@id":"https:\/\/www.verbalang.com\/fr\/#website","url":"https:\/\/www.verbalang.com\/fr\/","name":"Verbalang","description":"","publisher":{"@id":"https:\/\/www.verbalang.com\/fr\/#organization"},"potentialAction":[{"@type":"SearchAction","target":{"@type":"EntryPoint","urlTemplate":"https:\/\/www.verbalang.com\/fr\/?s={search_term_string}"},"query-input":{"@type":"PropertyValueSpecification","valueRequired":true,"valueName":"search_term_string"}}],"inLanguage":"fr-FR"},{"@type":"Organization","@id":"https:\/\/www.verbalang.com\/fr\/#organization","name":"Verbalang","url":"https:\/\/www.verbalang.com\/fr\/","logo":{"@type":"ImageObject","inLanguage":"fr-FR","@id":"https:\/\/www.verbalang.com\/fr\/#\/schema\/logo\/image\/","url":"https:\/\/www.verbalang.com\/wp-content\/uploads\/2025\/01\/logo_325x86.webp","contentUrl":"https:\/\/www.verbalang.com\/wp-content\/uploads\/2025\/01\/logo_325x86.webp","width":325,"height":86,"caption":"Verbalang"},"image":{"@id":"https:\/\/www.verbalang.com\/fr\/#\/schema\/logo\/image\/"}}]}},"_links":{"self":[{"href":"https:\/\/www.verbalang.com\/fr\/wp-json\/wp\/v2\/pages\/1840","targetHints":{"allow":["GET"]}}],"collection":[{"href":"https:\/\/www.verbalang.com\/fr\/wp-json\/wp\/v2\/pages"}],"about":[{"href":"https:\/\/www.verbalang.com\/fr\/wp-json\/wp\/v2\/types\/page"}],"author":[{"embeddable":true,"href":"https:\/\/www.verbalang.com\/fr\/wp-json\/wp\/v2\/users\/1"}],"replies":[{"embeddable":true,"href":"https:\/\/www.verbalang.com\/fr\/wp-json\/wp\/v2\/comments?post=1840"}],"version-history":[{"count":5,"href":"https:\/\/www.verbalang.com\/fr\/wp-json\/wp\/v2\/pages\/1840\/revisions"}],"predecessor-version":[{"id":2044,"href":"https:\/\/www.verbalang.com\/fr\/wp-json\/wp\/v2\/pages\/1840\/revisions\/2044"}],"wp:attachment":[{"href":"https:\/\/www.verbalang.com\/fr\/wp-json\/wp\/v2\/media?parent=1840"}],"curies":[{"name":"wp","href":"https:\/\/api.w.org\/{rel}","templated":true}]}}