{"id":1797,"date":"2020-09-30T10:11:24","date_gmt":"2020-09-30T08:11:24","guid":{"rendered":"https:\/\/verbalang.com\/?page_id=1797"},"modified":"2020-10-12T15:19:52","modified_gmt":"2020-10-12T13:19:52","slug":"privacy-policy","status":"publish","type":"page","link":"https:\/\/www.verbalang.com\/it\/privacy-policy\/","title":{"rendered":"Privacy Policy"},"content":{"rendered":"<div class=\"wpb-content-wrapper\"><p>[vc_row full_width=&#8221;stretch_row&#8221; el_id=&#8221;header&#8221;][vc_column][vc_custom_heading text=&#8221;Informativa Privacy&#8221; font_container=&#8221;tag:h1|text_align:left&#8221; use_theme_fonts=&#8221;yes&#8221;][\/vc_column][\/vc_row][vc_row][vc_column][vc_column_text]<\/p>\n<p id=\"privacy\"><strong>Informativa sulla Privacy<\/strong><br \/>\nLa seguente informativa sulla privacy \u00e8 resa ai sensi dell\u2019art. 14 del Regolamento UE 2016\/679 (GDPR).<\/p>\n<p>VERBALANG SRLS, in qualit\u00e0 di titolare del trattamento, si impegna ad essere trasparente anche riguardo ai dati che raccogliamo, al modo in cui li utilizziamo e alle persone con cui li condividiamo. \u00c8 nostra volont\u00e0 fare in modo che la clientela ci scelga anche per le garanzie di esperienza, capacit\u00e0 ed affidabilit\u00e0 a garanzia del pieno rispetto delle vigenti disposizioni nazionali e comunitarie in materia di protezione dei dati personali, ivi compreso il profilo relativo alla sicurezza. Ci\u00f2 premesso, ti informiamo che l\u2019utilizzo del presente sito (di seguito, il \u201cSito\u201d) pu\u00f2 comportare il trattamento dei tuoi dati personali. Gli stessi saranno utilizzati solo per le finalit\u00e0 e le modalit\u00e0 di seguito indicate.<\/p>\n<p><strong>Titolare del Trattamento<\/strong><br \/>\nTitolare del trattamento dei dati personali \u00e8: Verbalang &#8211; Via De Rusoli, 45 &#8211; 87040 Castrolibero (CS), Italy, VAT number: 03688490782 (di seguito, il \u201cTitolare\u201d).<\/p>\n<p><strong>Dati di contatto del Titolare<\/strong><br \/>\nIl Titolare \u00e8 raggiungibile a mezzo raccomandata A\/R all\u2019indirizzo sopra indicato ovvero al seguente indirizzo e-mail: <a href=\"mailto:info@verbalang.com\">info@verbalang.com<\/a><\/p>\n<p><strong>Finalit\u00e0 e base giuridica del trattamento<\/strong><br \/>\nI tuoi dati personali sono raccolti e trattati dal Titolare per finalit\u00e0 strettamente connesse all\u2019uso del Sito e dei suoi servizi informativi.<br \/>\nI tuoi dati personali potranno essere utilizzati anche in diverse operazioni di trattamento (conservazione, archiviazione, elaborazione, ecc.) comunque in termini compatibili con tali finalit\u00e0. In particolare, i tuoi dati personali potranno essere trattati per le seguenti finalit\u00e0:<\/p>\n<p>rispondere alle richieste finalizzate all\u2019ottenimento di informazioni ed alla ricezione di materiale informativo (cataloghi, brochure, listini prezzi, ecc.);<br \/>\nrispondere alla tua candidatura per le nostre posizioni lavorative.<\/p>\n<p><strong>Dati trattati<\/strong><br \/>\nIl Sito tratta esclusivamente dati comuni (nome, cognome, citt\u00e0 , indirizzo, indirizzo e-mail, numero di telefono).<\/p>\n<p><strong>Modalit\u00e0 di trattamento e tempi di conservazione<\/strong><br \/>\nI dati raccolti saranno trattati mediante strumenti elettronici o comunque automatizzati, informatici e telematici, o mediante elaborazioni manuali con logiche strettamente correlate alle finalit\u00e0 per le quali i dati personali sono stati raccolti e, comunque, in modo da garantire in ogni caso la sicurezza dei medesimi.<br \/>\nI tuoi dati personali saranno conservati nella forma che consenta la tua identificazione per il tempo strettamente necessario alla finalit\u00e0 per cui i dati sono stati raccolti e successivamente trattati e, in ogni caso, entro ragionevoli limiti.<br \/>\nPer garantire che i tuoi dati personali siano sempre esatti ed aggiornati, comunque pertinenti e completi, ti preghiamo di segnalarci ogni modifica intervenuta a: <a href=\"mailto:info@verbalang.com\">info@verbalang.com<\/a><\/p>\n<p><strong>Categorie di destinatari dei dati personali<\/strong><br \/>\nI tuoi dati personali non saranno comunicati o trasferiti a terzi per scopi non consentiti dalla legge o per scopi non conformi alla presente informativa.<br \/>\nInoltre, i tuoi dati potranno essere comunicati a forze di polizia o all\u2019autorit\u00e0 giudiziaria, in conformit\u00e0 alla legge e previa richiesta formale da parte di tali soggetti, ad esempio nell\u2019ambito dei servizi antifrode.<br \/>\nIl Titolare, in caso di riorganizzazione, fusione o vendita potrebbe trasferire a terzi interessati da tali operazioni tutti i dati personali raccolti e per le specifiche finalit\u00e0 per cui hai prestato consenso. In tutti questi casi, il tuo consenso non sar\u00e0 necessario.<\/p>\n<p><strong>Diritti fondamentali dell\u2019interessato e modalita\u0300 di esercitarli<\/strong><br \/>\nL\u2019interessato, ai sensi dell\u2019art. 15 del Regolamento UE 679\/2016, ha diritto di ottenere dal titolare del trattamento la conferma che sia o meno in corso un trattamento di dati personali che lo riguardano e, in tal caso, di ottenere l\u2019accesso ai dati personali e alle seguenti informazioni: <a href=\"mailto:info@verbalang.com\">info@verbalang.com<\/a><\/p>\n<p>finalit\u00e0 del trattamento;<br \/>\ncategorie di dati personali;<br \/>\ncategorie di destinatari a cui i dati sono stati o saranno comunicati;<br \/>\nperiodo di conservazione dei dati o criteri utilizzati per determinare tale periodo.<\/p>\n<p>L\u2019interessato ha inoltre il diritto:<br \/>\nai sensi dell\u2019art. 16, di ottenere dal Titolare la rettifica dei dati personali inesatti che lo riguardano, senza ingiustificato ritardo;<br \/>\nai sensi dell\u2019art. 17, di ottenere dal Titolare la cancellazione dei dati personali che lo riguardano senza ingiustificato ritardo;<br \/>\nai sensi dell\u2019art. 18, di ottenere dal Titolare la limitazione del trattamento quando ricorre una delle seguenti ipotesi:<br \/>\na) l\u2019interessato contesta l\u2019esattezza dei dati personali, per il periodo necessario al Titolare per verificare l\u2019esattezza di tali dati personali;<br \/>\nb) il trattamento \u00e8 illecito e l\u2019interessato si oppone alla cancellazione dei dati personali e chiede invece che ne sia limitato l\u2019utilizzo;<br \/>\nc) bench\u00e9 il Titolare non ne abbia pi\u00f9 bisogno ai fini del trattamento, i dati personali sono necessari all\u2019interessato per l\u2019accertamento, l\u2019esercizio o la difesa di un diritto in sede giudiziaria;<br \/>\nd) l\u2019interessato si \u00e8 opposto al trattamento ai sensi dell\u2019art. 21, paragrafo 1, in attesa della verifica in merito all\u2019eventuale prevalenza dei motivi legittimi del Titolare rispetto a quelli dell\u2019interessato;<br \/>\nai sensi dell\u2019art. 20, di ricevere i dati personali che lo riguardano in un formato strutturato, di uso comune e leggibile da dispositivo automatico;<br \/>\nai sensi dell\u2019art. 21, di opporsi in qualsiasi momento al trattamento dei dati personali che lo riguardano effettuato per finalit\u00e0 di marketing (comunicazioni commerciali inviate dal titolare).<br \/>\nPer esercitare i tuoi diritti, potrai inviare un\u2019apposita richiesta al seguente indirizzo e-mail: <a href=\"mailto:info@verbalang.com\">info@verbalang.com<\/a>.<br \/>\nTi informeremo dell\u2019avvenuta ricezione e daremo seguito alla tua richiesta entro cinque giorni lavorativi. Nei casi pi\u00f9 complessi ci impegneremo a fornirti un primo riscontro non oltre quindici giorni.<\/p>\n<p><strong>Il diritto di presentare reclamo a un\u2019Autorit\u00e0 di controllo<\/strong><br \/>\nHai inoltre il diritto di proporre reclamo all\u2019autorit\u00e0 di controllo competente.<\/p>\n<p><strong>Necessit\u00e0 e Conseguenze di un eventuale rifiuto di comunicare dei propri dati personali<\/strong><br \/>\nIl mancato conferimento dei dati per le finalit\u00e0 sopra indicate impedir\u00e0 al Titolare di inviarti le informazioni richieste.[\/vc_column_text][\/vc_column][\/vc_row]<\/p>\n<\/div>","protected":false},"excerpt":{"rendered":"<p>[vc_row full_width=&#8221;stretch_row&#8221; el_id=&#8221;header&#8221;][vc_column][vc_custom_heading text=&#8221;Informativa Privacy&#8221; font_container=&#8221;tag:h1|text_align:left&#8221; use_theme_fonts=&#8221;yes&#8221;][\/vc_column][\/vc_row][vc_row][vc_column][vc_column_text] Informativa sulla Privacy La seguente informativa sulla privacy \u00e8 resa ai sensi dell\u2019art. 14 del Regolamento UE 2016\/679 (GDPR). VERBALANG SRLS, in qualit\u00e0 di titolare del trattamento, si impegna ad essere trasparente anche riguardo ai dati che raccogliamo, al modo in cui li&hellip;<\/p>\n","protected":false},"author":1,"featured_media":0,"parent":0,"menu_order":0,"comment_status":"closed","ping_status":"closed","template":"","meta":{"inline_featured_image":false,"footnotes":""},"class_list":["post-1797","page","type-page","status-publish","hentry"],"yoast_head":"<!-- This site is optimized with the Yoast SEO plugin v24.8.1 - https:\/\/yoast.com\/wordpress\/plugins\/seo\/ -->\n<title>Privacy Policy - Verbalang<\/title>\n<meta name=\"robots\" content=\"index, follow, max-snippet:-1, max-image-preview:large, max-video-preview:-1\" \/>\n<link rel=\"canonical\" href=\"https:\/\/www.verbalang.com\/it\/privacy-policy\/\" \/>\n<meta property=\"og:locale\" content=\"it_IT\" \/>\n<meta property=\"og:type\" content=\"article\" \/>\n<meta property=\"og:title\" content=\"Privacy Policy - Verbalang\" \/>\n<meta property=\"og:description\" content=\"[vc_row full_width=&#8221;stretch_row&#8221; el_id=&#8221;header&#8221;][vc_column][vc_custom_heading text=&#8221;Informativa Privacy&#8221; font_container=&#8221;tag:h1|text_align:left&#8221; use_theme_fonts=&#8221;yes&#8221;][\/vc_column][\/vc_row][vc_row][vc_column][vc_column_text] Informativa sulla Privacy La seguente informativa sulla privacy \u00e8 resa ai sensi dell\u2019art. 14 del Regolamento UE 2016\/679 (GDPR). VERBALANG SRLS, in qualit\u00e0 di titolare del trattamento, si impegna ad essere trasparente anche riguardo ai dati che raccogliamo, al modo in cui li&hellip;\" \/>\n<meta property=\"og:url\" content=\"https:\/\/www.verbalang.com\/it\/privacy-policy\/\" \/>\n<meta property=\"og:site_name\" content=\"Verbalang\" \/>\n<meta property=\"article:modified_time\" content=\"2020-10-12T13:19:52+00:00\" \/>\n<meta name=\"twitter:card\" content=\"summary_large_image\" \/>\n<meta name=\"twitter:label1\" content=\"Tempo di lettura stimato\" \/>\n\t<meta name=\"twitter:data1\" content=\"5 minuto\" \/>\n<script type=\"application\/ld+json\" class=\"yoast-schema-graph\">{\"@context\":\"https:\/\/schema.org\",\"@graph\":[{\"@type\":\"WebPage\",\"@id\":\"https:\/\/www.verbalang.com\/it\/privacy-policy\/\",\"url\":\"https:\/\/www.verbalang.com\/it\/privacy-policy\/\",\"name\":\"Privacy Policy - Verbalang\",\"isPartOf\":{\"@id\":\"https:\/\/www.verbalang.com\/it\/#website\"},\"datePublished\":\"2020-09-30T08:11:24+00:00\",\"dateModified\":\"2020-10-12T13:19:52+00:00\",\"breadcrumb\":{\"@id\":\"https:\/\/www.verbalang.com\/it\/privacy-policy\/#breadcrumb\"},\"inLanguage\":\"it-IT\",\"potentialAction\":[{\"@type\":\"ReadAction\",\"target\":[\"https:\/\/www.verbalang.com\/it\/privacy-policy\/\"]}]},{\"@type\":\"BreadcrumbList\",\"@id\":\"https:\/\/www.verbalang.com\/it\/privacy-policy\/#breadcrumb\",\"itemListElement\":[{\"@type\":\"ListItem\",\"position\":1,\"name\":\"Home\",\"item\":\"https:\/\/www.verbalang.com\/it\/\"},{\"@type\":\"ListItem\",\"position\":2,\"name\":\"Privacy Policy\"}]},{\"@type\":\"WebSite\",\"@id\":\"https:\/\/www.verbalang.com\/it\/#website\",\"url\":\"https:\/\/www.verbalang.com\/it\/\",\"name\":\"Verbalang\",\"description\":\"\",\"publisher\":{\"@id\":\"https:\/\/www.verbalang.com\/it\/#organization\"},\"potentialAction\":[{\"@type\":\"SearchAction\",\"target\":{\"@type\":\"EntryPoint\",\"urlTemplate\":\"https:\/\/www.verbalang.com\/it\/?s={search_term_string}\"},\"query-input\":{\"@type\":\"PropertyValueSpecification\",\"valueRequired\":true,\"valueName\":\"search_term_string\"}}],\"inLanguage\":\"it-IT\"},{\"@type\":\"Organization\",\"@id\":\"https:\/\/www.verbalang.com\/it\/#organization\",\"name\":\"Verbalang\",\"url\":\"https:\/\/www.verbalang.com\/it\/\",\"logo\":{\"@type\":\"ImageObject\",\"inLanguage\":\"it-IT\",\"@id\":\"https:\/\/www.verbalang.com\/it\/#\/schema\/logo\/image\/\",\"url\":\"https:\/\/www.verbalang.com\/wp-content\/uploads\/2025\/01\/logo_325x86.webp\",\"contentUrl\":\"https:\/\/www.verbalang.com\/wp-content\/uploads\/2025\/01\/logo_325x86.webp\",\"width\":325,\"height\":86,\"caption\":\"Verbalang\"},\"image\":{\"@id\":\"https:\/\/www.verbalang.com\/it\/#\/schema\/logo\/image\/\"}}]}<\/script>\n<!-- \/ Yoast SEO plugin. -->","yoast_head_json":{"title":"Privacy Policy - Verbalang","robots":{"index":"index","follow":"follow","max-snippet":"max-snippet:-1","max-image-preview":"max-image-preview:large","max-video-preview":"max-video-preview:-1"},"canonical":"https:\/\/www.verbalang.com\/it\/privacy-policy\/","og_locale":"it_IT","og_type":"article","og_title":"Privacy Policy - Verbalang","og_description":"[vc_row full_width=&#8221;stretch_row&#8221; el_id=&#8221;header&#8221;][vc_column][vc_custom_heading text=&#8221;Informativa Privacy&#8221; font_container=&#8221;tag:h1|text_align:left&#8221; use_theme_fonts=&#8221;yes&#8221;][\/vc_column][\/vc_row][vc_row][vc_column][vc_column_text] Informativa sulla Privacy La seguente informativa sulla privacy \u00e8 resa ai sensi dell\u2019art. 14 del Regolamento UE 2016\/679 (GDPR). VERBALANG SRLS, in qualit\u00e0 di titolare del trattamento, si impegna ad essere trasparente anche riguardo ai dati che raccogliamo, al modo in cui li&hellip;","og_url":"https:\/\/www.verbalang.com\/it\/privacy-policy\/","og_site_name":"Verbalang","article_modified_time":"2020-10-12T13:19:52+00:00","twitter_card":"summary_large_image","twitter_misc":{"Tempo di lettura stimato":"5 minuto"},"schema":{"@context":"https:\/\/schema.org","@graph":[{"@type":"WebPage","@id":"https:\/\/www.verbalang.com\/it\/privacy-policy\/","url":"https:\/\/www.verbalang.com\/it\/privacy-policy\/","name":"Privacy Policy - Verbalang","isPartOf":{"@id":"https:\/\/www.verbalang.com\/it\/#website"},"datePublished":"2020-09-30T08:11:24+00:00","dateModified":"2020-10-12T13:19:52+00:00","breadcrumb":{"@id":"https:\/\/www.verbalang.com\/it\/privacy-policy\/#breadcrumb"},"inLanguage":"it-IT","potentialAction":[{"@type":"ReadAction","target":["https:\/\/www.verbalang.com\/it\/privacy-policy\/"]}]},{"@type":"BreadcrumbList","@id":"https:\/\/www.verbalang.com\/it\/privacy-policy\/#breadcrumb","itemListElement":[{"@type":"ListItem","position":1,"name":"Home","item":"https:\/\/www.verbalang.com\/it\/"},{"@type":"ListItem","position":2,"name":"Privacy Policy"}]},{"@type":"WebSite","@id":"https:\/\/www.verbalang.com\/it\/#website","url":"https:\/\/www.verbalang.com\/it\/","name":"Verbalang","description":"","publisher":{"@id":"https:\/\/www.verbalang.com\/it\/#organization"},"potentialAction":[{"@type":"SearchAction","target":{"@type":"EntryPoint","urlTemplate":"https:\/\/www.verbalang.com\/it\/?s={search_term_string}"},"query-input":{"@type":"PropertyValueSpecification","valueRequired":true,"valueName":"search_term_string"}}],"inLanguage":"it-IT"},{"@type":"Organization","@id":"https:\/\/www.verbalang.com\/it\/#organization","name":"Verbalang","url":"https:\/\/www.verbalang.com\/it\/","logo":{"@type":"ImageObject","inLanguage":"it-IT","@id":"https:\/\/www.verbalang.com\/it\/#\/schema\/logo\/image\/","url":"https:\/\/www.verbalang.com\/wp-content\/uploads\/2025\/01\/logo_325x86.webp","contentUrl":"https:\/\/www.verbalang.com\/wp-content\/uploads\/2025\/01\/logo_325x86.webp","width":325,"height":86,"caption":"Verbalang"},"image":{"@id":"https:\/\/www.verbalang.com\/it\/#\/schema\/logo\/image\/"}}]}},"_links":{"self":[{"href":"https:\/\/www.verbalang.com\/it\/wp-json\/wp\/v2\/pages\/1797","targetHints":{"allow":["GET"]}}],"collection":[{"href":"https:\/\/www.verbalang.com\/it\/wp-json\/wp\/v2\/pages"}],"about":[{"href":"https:\/\/www.verbalang.com\/it\/wp-json\/wp\/v2\/types\/page"}],"author":[{"embeddable":true,"href":"https:\/\/www.verbalang.com\/it\/wp-json\/wp\/v2\/users\/1"}],"replies":[{"embeddable":true,"href":"https:\/\/www.verbalang.com\/it\/wp-json\/wp\/v2\/comments?post=1797"}],"version-history":[{"count":4,"href":"https:\/\/www.verbalang.com\/it\/wp-json\/wp\/v2\/pages\/1797\/revisions"}],"predecessor-version":[{"id":2060,"href":"https:\/\/www.verbalang.com\/it\/wp-json\/wp\/v2\/pages\/1797\/revisions\/2060"}],"wp:attachment":[{"href":"https:\/\/www.verbalang.com\/it\/wp-json\/wp\/v2\/media?parent=1797"}],"curies":[{"name":"wp","href":"https:\/\/api.w.org\/{rel}","templated":true}]}}